{"id":544,"date":"2022-06-18T22:00:56","date_gmt":"2022-06-18T20:00:56","guid":{"rendered":"https:\/\/cgtairbus.fr\/contact\/"},"modified":"2025-10-09T12:43:15","modified_gmt":"2025-10-09T10:43:15","slug":"adherer","status":"publish","type":"page","link":"https:\/\/cgtairbus.fr\/?page_id=544","title":{"rendered":"Adh\u00e9rer"},"content":{"rendered":"\t\t<div data-elementor-type=\"wp-post\" data-elementor-id=\"544\" class=\"elementor elementor-544\">\n\t\t\t\t\t\t<section class=\"elementor-section elementor-top-section elementor-element elementor-element-34cbd81 elementor-section-boxed elementor-section-height-default elementor-section-height-default\" data-id=\"34cbd81\" data-element_type=\"section\" data-e-type=\"section\" data-settings=\"{&quot;background_background&quot;:&quot;classic&quot;}\">\n\t\t\t\t\t\t<div class=\"elementor-container elementor-column-gap-default\">\n\t\t\t\t\t<div class=\"elementor-column elementor-col-100 elementor-top-column elementor-element elementor-element-2c2b69c\" data-id=\"2c2b69c\" data-element_type=\"column\" data-e-type=\"column\">\n\t\t\t<div class=\"elementor-widget-wrap elementor-element-populated\">\n\t\t\t\t\t\t<div class=\"elementor-element elementor-element-a5e247a elementor-invisible elementor-widget elementor-widget-heading\" data-id=\"a5e247a\" data-element_type=\"widget\" data-e-type=\"widget\" data-settings=\"{&quot;_animation&quot;:&quot;bounceInDown&quot;}\" data-widget_type=\"heading.default\">\n\t\t\t\t<div class=\"elementor-widget-container\">\n\t\t\t\t\t<h1 class=\"elementor-heading-title elementor-size-default\">PR\u00c9-ADH\u00c9SION<\/h1>\t\t\t\t<\/div>\n\t\t\t\t<\/div>\n\t\t\t\t\t<\/div>\n\t\t<\/div>\n\t\t\t\t\t<\/div>\n\t\t<\/section>\n\t\t<div class=\"elementor-element elementor-element-27dab8e e-flex e-con-boxed elementor-invisible e-con e-parent\" data-id=\"27dab8e\" data-element_type=\"container\" data-e-type=\"container\" data-settings=\"{&quot;background_background&quot;:&quot;classic&quot;,&quot;animation&quot;:&quot;bounceInLeft&quot;}\">\n\t\t\t\t\t<div class=\"e-con-inner\">\n\t\t<div class=\"elementor-element elementor-element-08b1264 e-con-full e-flex e-con e-child\" data-id=\"08b1264\" data-element_type=\"container\" data-e-type=\"container\">\n\t\t\t\t<div class=\"elementor-element elementor-element-7b73a83 elementor-widget elementor-widget-text-editor\" data-id=\"7b73a83\" data-element_type=\"widget\" data-e-type=\"widget\" data-widget_type=\"text-editor.default\">\n\t\t\t\t<div class=\"elementor-widget-container\">\n\t\t\t\t\t\t\t\t\t<p>Pour demander \u00e0 adh\u00e9rer au syndicat CGT Airbus Helicopters Marignane, remplissez ce formulaire en ligne. Un d\u00e9l\u00e9gu\u00e9 prendra contact avec vous et viendra \u00e0 votre rencontre.&nbsp;<\/p>\n<p>Vous pouvez aussi cocher la case newsletter pour \u00eatre tenu inform\u00e9 de l&rsquo;actualit\u00e9 de notre syndicat.&nbsp;<\/p>\n<p>Fraternellement, l&rsquo;\u00e9quipe de la CGT Airbus Marignane&nbsp;<\/p>\n<p>Contact :&nbsp;cgtah.mar@protonmail.com<\/p>\t\t\t\t\t\t\t\t<\/div>\n\t\t\t\t<\/div>\n\t\t\t\t<\/div>\n\t\t<div class=\"elementor-element elementor-element-1488567 e-con-full e-flex e-con e-child\" data-id=\"1488567\" data-element_type=\"container\" data-e-type=\"container\">\n\t\t\t\t<div class=\"elementor-element elementor-element-34a4af2 elementor-widget elementor-widget-text-editor\" data-id=\"34a4af2\" data-element_type=\"widget\" data-e-type=\"widget\" data-widget_type=\"text-editor.default\">\n\t\t\t\t<div class=\"elementor-widget-container\">\n\t\t\t\t\t\t\t\t\t\n<div class=\"wpcf7 no-js\" id=\"wpcf7-f1184-o1\" lang=\"fr-FR\" dir=\"ltr\" data-wpcf7-id=\"1184\">\n<div class=\"screen-reader-response\"><p role=\"status\" aria-live=\"polite\" aria-atomic=\"true\"><\/p> <ul><\/ul><\/div>\n<form action=\"\/index.php?rest_route=%2Fwp%2Fv2%2Fpages%2F544#wpcf7-f1184-o1\" method=\"post\" class=\"wpcf7-form init\" aria-label=\"Formulaire de contact\" novalidate=\"novalidate\" data-status=\"init\">\n<fieldset class=\"hidden-fields-container\"><input type=\"hidden\" name=\"_wpcf7\" value=\"1184\" \/><input type=\"hidden\" name=\"_wpcf7_version\" value=\"6.1.5\" \/><input type=\"hidden\" name=\"_wpcf7_locale\" value=\"fr_FR\" \/><input type=\"hidden\" name=\"_wpcf7_unit_tag\" value=\"wpcf7-f1184-o1\" \/><input type=\"hidden\" name=\"_wpcf7_container_post\" value=\"0\" \/><input type=\"hidden\" name=\"_wpcf7_posted_data_hash\" value=\"\" \/><input type=\"hidden\" name=\"_wpcf7_recaptcha_response\" value=\"\" \/>\n<\/fieldset>\n<p><label> Pr\u00e9nom<br \/>\n<span class=\"wpcf7-form-control-wrap\" data-name=\"text-305\"><input size=\"40\" maxlength=\"400\" class=\"wpcf7-form-control wpcf7-text wpcf7-validates-as-required\" aria-required=\"true\" aria-invalid=\"false\" placeholder=\"Pr\u00e9nom\" value=\"\" type=\"text\" name=\"text-305\" \/><\/span> <\/label>\n<\/p>\n<p><label> Nom<br \/>\n<span class=\"wpcf7-form-control-wrap\" data-name=\"text-424\"><input size=\"40\" maxlength=\"400\" class=\"wpcf7-form-control wpcf7-text wpcf7-validates-as-required\" aria-required=\"true\" aria-invalid=\"false\" placeholder=\"Nom\" value=\"\" type=\"text\" name=\"text-424\" \/><\/span> <\/label>\n<\/p>\n<p><label> e-mail<br \/>\n<span class=\"wpcf7-form-control-wrap\" data-name=\"email-655\"><input size=\"40\" maxlength=\"400\" class=\"wpcf7-form-control wpcf7-email wpcf7-validates-as-required wpcf7-text wpcf7-validates-as-email\" aria-required=\"true\" aria-invalid=\"false\" placeholder=\"email\" value=\"\" type=\"email\" name=\"email-655\" \/><\/span> <\/label>\n<\/p>\n<p><label> T\u00e9l\u00e9phone<br \/>\n<span class=\"wpcf7-form-control-wrap\" data-name=\"tel-32\"><input size=\"40\" maxlength=\"400\" class=\"wpcf7-form-control wpcf7-tel wpcf7-validates-as-required wpcf7-text wpcf7-validates-as-tel\" aria-required=\"true\" aria-invalid=\"false\" placeholder=\"T\u00e9l\u00e9phone\" value=\"\" type=\"tel\" name=\"tel-32\" \/><\/span> <\/label>\n<\/p>\n<p><label> Secteur<br \/>\n<span class=\"wpcf7-form-control-wrap\" data-name=\"Secteur\"><input size=\"40\" maxlength=\"400\" class=\"wpcf7-form-control wpcf7-text wpcf7-validates-as-required\" aria-required=\"true\" aria-invalid=\"false\" placeholder=\"par ex : H4 NH90 ou G1 super puma, etc.\" value=\"\" type=\"text\" name=\"Secteur\" \/><\/span> <\/label>\n<\/p>\n<p><label> Cat\u00e9gorie<br \/>\n<span class=\"wpcf7-form-control-wrap\" data-name=\"menu-536\"><select class=\"wpcf7-form-control wpcf7-select wpcf7-validates-as-required\" aria-required=\"true\" aria-invalid=\"false\" name=\"menu-536\"><option value=\"\">&#8212;Veuillez choisir une option&#8212;<\/option><option value=\"Non-Cadre\">Non-Cadre<\/option><option value=\"Cadre\">Cadre<\/option><\/select><\/span> <\/label>\n<\/p>\n<p><span class=\"wpcf7-form-control-wrap\" data-name=\"checkbox-453\"><span class=\"wpcf7-form-control wpcf7-checkbox wpcf7-exclusive-checkbox\"><span class=\"wpcf7-list-item first last\"><label><input type=\"checkbox\" name=\"checkbox-453\" value=\"Newsletter\" \/><span class=\"wpcf7-list-item-label\">Newsletter<\/span><\/label><\/span><\/span><\/span>\n<\/p>\n<p><input class=\"wpcf7-form-control wpcf7-submit has-spinner\" type=\"submit\" value=\"Envoyer\" \/>\n<\/p><div class=\"wpcf7-response-output\" aria-hidden=\"true\"><\/div>\n<\/form>\n<\/div>\n\t\t\t\t\t\t\t\t<\/div>\n\t\t\t\t<\/div>\n\t\t\t\t<\/div>\n\t\t\t\t\t<\/div>\n\t\t\t\t<\/div>\n\t\t<div class=\"elementor-element elementor-element-f2241a3 e-flex e-con-boxed e-con e-parent\" data-id=\"f2241a3\" data-element_type=\"container\" data-e-type=\"container\">\n\t\t\t\t\t<div class=\"e-con-inner\">\n\t\t\t\t<div class=\"elementor-element elementor-element-6ef5f3d elementor-widget elementor-widget-spacer\" data-id=\"6ef5f3d\" data-element_type=\"widget\" data-e-type=\"widget\" data-widget_type=\"spacer.default\">\n\t\t\t\t<div class=\"elementor-widget-container\">\n\t\t\t\t\t\t\t<div class=\"elementor-spacer\">\n\t\t\t<div class=\"elementor-spacer-inner\"><\/div>\n\t\t<\/div>\n\t\t\t\t\t\t<\/div>\n\t\t\t\t<\/div>\n\t\t\t\t\t<\/div>\n\t\t\t\t<\/div>\n\t\t\t\t<\/div>\n\t\t","protected":false},"excerpt":{"rendered":"<p>PR\u00c9-ADH\u00c9SION Pour demander \u00e0 adh\u00e9rer au syndicat CGT Airbus Helicopters Marignane, remplissez ce formulaire en ligne. Un d\u00e9l\u00e9gu\u00e9 prendra contact avec vous et viendra \u00e0 votre rencontre.&nbsp; Vous pouvez aussi cocher la case newsletter pour \u00eatre tenu inform\u00e9 de l&rsquo;actualit\u00e9 de notre syndicat.&nbsp; Fraternellement, l&rsquo;\u00e9quipe de la CGT Airbus Marignane&nbsp; Contact :&nbsp;cgtah.mar@protonmail.com<\/p>\n","protected":false},"author":1,"featured_media":0,"parent":0,"menu_order":0,"comment_status":"closed","ping_status":"closed","template":"","meta":{"site-sidebar-layout":"no-sidebar","site-content-layout":"page-builder","ast-site-content-layout":"default","site-content-style":"default","site-sidebar-style":"default","ast-global-header-display":"","ast-banner-title-visibility":"","ast-main-header-display":"","ast-hfb-above-header-display":"","ast-hfb-below-header-display":"","ast-hfb-mobile-header-display":"","site-post-title":"","ast-breadcrumbs-content":"","ast-featured-img":"disabled","footer-sml-layout":"","theme-transparent-header-meta":"enabled","adv-header-id-meta":"","stick-header-meta":"","header-above-stick-meta":"","header-main-stick-meta":"","header-below-stick-meta":"","astra-migrate-meta-layouts":"default","ast-page-background-enabled":"default","ast-page-background-meta":{"desktop":{"background-color":"","background-image":"","background-repeat":"repeat","background-position":"center center","background-size":"auto","background-attachment":"scroll","background-type":"","background-media":"","overlay-type":"","overlay-color":"","overlay-opacity":"","overlay-gradient":""},"tablet":{"background-color":"","background-image":"","background-repeat":"repeat","background-position":"center center","background-size":"auto","background-attachment":"scroll","background-type":"","background-media":"","overlay-type":"","overlay-color":"","overlay-opacity":"","overlay-gradient":""},"mobile":{"background-color":"","background-image":"","background-repeat":"repeat","background-position":"center center","background-size":"auto","background-attachment":"scroll","background-type":"","background-media":"","overlay-type":"","overlay-color":"","overlay-opacity":"","overlay-gradient":""}},"ast-content-background-meta":{"desktop":{"background-color":"var(--ast-global-color-5)","background-image":"","background-repeat":"repeat","background-position":"center center","background-size":"auto","background-attachment":"scroll","background-type":"","background-media":"","overlay-type":"","overlay-color":"","overlay-opacity":"","overlay-gradient":""},"tablet":{"background-color":"var(--ast-global-color-5)","background-image":"","background-repeat":"repeat","background-position":"center center","background-size":"auto","background-attachment":"scroll","background-type":"","background-media":"","overlay-type":"","overlay-color":"","overlay-opacity":"","overlay-gradient":""},"mobile":{"background-color":"var(--ast-global-color-5)","background-image":"","background-repeat":"repeat","background-position":"center center","background-size":"auto","background-attachment":"scroll","background-type":"","background-media":"","overlay-type":"","overlay-color":"","overlay-opacity":"","overlay-gradient":""}},"footnotes":""},"class_list":["post-544","page","type-page","status-publish","hentry"],"yoast_head":"<!-- This site is optimized with the Yoast SEO plugin v26.2 - https:\/\/yoast.com\/wordpress\/plugins\/seo\/ -->\n<title>Adh\u00e9rer - CGT Airbus Helicopters Marignane<\/title>\n<meta name=\"robots\" content=\"index, follow, max-snippet:-1, max-image-preview:large, max-video-preview:-1\" \/>\n<link rel=\"canonical\" href=\"https:\/\/cgtairbus.fr\/?page_id=544\" \/>\n<meta property=\"og:locale\" content=\"fr_FR\" \/>\n<meta property=\"og:type\" content=\"article\" \/>\n<meta property=\"og:title\" content=\"Adh\u00e9rer - CGT Airbus Helicopters Marignane\" \/>\n<meta property=\"og:description\" content=\"PR\u00c9-ADH\u00c9SION Pour demander \u00e0 adh\u00e9rer au syndicat CGT Airbus Helicopters Marignane, remplissez ce formulaire en ligne. Un d\u00e9l\u00e9gu\u00e9 prendra contact avec vous et viendra \u00e0 votre rencontre.&nbsp; Vous pouvez aussi cocher la case newsletter pour \u00eatre tenu inform\u00e9 de l&rsquo;actualit\u00e9 de notre syndicat.&nbsp; Fraternellement, l&rsquo;\u00e9quipe de la CGT Airbus Marignane&nbsp; Contact :&nbsp;cgtah.mar@protonmail.com\" \/>\n<meta property=\"og:url\" content=\"https:\/\/cgtairbus.fr\/?page_id=544\" \/>\n<meta property=\"og:site_name\" content=\"CGT Airbus Helicopters Marignane\" \/>\n<meta property=\"article:modified_time\" content=\"2025-10-09T10:43:15+00:00\" \/>\n<meta property=\"og:image\" content=\"https:\/\/cgtairbus.fr\/wp-content\/uploads\/2020\/02\/cropped-Logo-CGTAHM-noir-copie.jpeg\" \/>\n\t<meta property=\"og:image:width\" content=\"512\" \/>\n\t<meta property=\"og:image:height\" content=\"512\" \/>\n\t<meta property=\"og:image:type\" content=\"image\/jpeg\" \/>\n<meta name=\"twitter:card\" content=\"summary_large_image\" \/>\n<meta name=\"twitter:label1\" content=\"Dur\u00e9e de lecture estim\u00e9e\" \/>\n\t<meta name=\"twitter:data1\" content=\"1 minute\" \/>\n<script type=\"application\/ld+json\" class=\"yoast-schema-graph\">{\"@context\":\"https:\/\/schema.org\",\"@graph\":[{\"@type\":\"WebPage\",\"@id\":\"https:\/\/cgtairbus.fr\/?page_id=544\",\"url\":\"https:\/\/cgtairbus.fr\/?page_id=544\",\"name\":\"Adh\u00e9rer - CGT Airbus Helicopters Marignane\",\"isPartOf\":{\"@id\":\"https:\/\/cgtairbus.fr\/#website\"},\"datePublished\":\"2022-06-18T20:00:56+00:00\",\"dateModified\":\"2025-10-09T10:43:15+00:00\",\"breadcrumb\":{\"@id\":\"https:\/\/cgtairbus.fr\/?page_id=544#breadcrumb\"},\"inLanguage\":\"fr-FR\",\"potentialAction\":[{\"@type\":\"ReadAction\",\"target\":[\"https:\/\/cgtairbus.fr\/?page_id=544\"]}]},{\"@type\":\"BreadcrumbList\",\"@id\":\"https:\/\/cgtairbus.fr\/?page_id=544#breadcrumb\",\"itemListElement\":[{\"@type\":\"ListItem\",\"position\":1,\"name\":\"Accueil\",\"item\":\"https:\/\/cgtairbus.fr\/\"},{\"@type\":\"ListItem\",\"position\":2,\"name\":\"Adh\u00e9rer\"}]},{\"@type\":\"WebSite\",\"@id\":\"https:\/\/cgtairbus.fr\/#website\",\"url\":\"https:\/\/cgtairbus.fr\/\",\"name\":\"CGT Airbus Helicopters Marignane\",\"description\":\"Site Web de la CGT Airbus Helicopters Marignane\",\"publisher\":{\"@id\":\"https:\/\/cgtairbus.fr\/#organization\"},\"alternateName\":\"CGT Airbus Helicopters Marignane\",\"potentialAction\":[{\"@type\":\"SearchAction\",\"target\":{\"@type\":\"EntryPoint\",\"urlTemplate\":\"https:\/\/cgtairbus.fr\/?s={search_term_string}\"},\"query-input\":{\"@type\":\"PropertyValueSpecification\",\"valueRequired\":true,\"valueName\":\"search_term_string\"}}],\"inLanguage\":\"fr-FR\"},{\"@type\":\"Organization\",\"@id\":\"https:\/\/cgtairbus.fr\/#organization\",\"name\":\"CGT Airbus Helicopters Marignane\",\"url\":\"https:\/\/cgtairbus.fr\/\",\"logo\":{\"@type\":\"ImageObject\",\"inLanguage\":\"fr-FR\",\"@id\":\"https:\/\/cgtairbus.fr\/#\/schema\/logo\/image\/\",\"url\":\"https:\/\/cgtairbus.fr\/wp-content\/uploads\/2020\/02\/Logo-CGTAHM-noir-copie.jpeg\",\"contentUrl\":\"https:\/\/cgtairbus.fr\/wp-content\/uploads\/2020\/02\/Logo-CGTAHM-noir-copie.jpeg\",\"width\":273,\"height\":472,\"caption\":\"CGT Airbus Helicopters Marignane\"},\"image\":{\"@id\":\"https:\/\/cgtairbus.fr\/#\/schema\/logo\/image\/\"}}]}<\/script>\n<!-- \/ Yoast SEO plugin. -->","yoast_head_json":{"title":"Adh\u00e9rer - CGT Airbus Helicopters Marignane","robots":{"index":"index","follow":"follow","max-snippet":"max-snippet:-1","max-image-preview":"max-image-preview:large","max-video-preview":"max-video-preview:-1"},"canonical":"https:\/\/cgtairbus.fr\/?page_id=544","og_locale":"fr_FR","og_type":"article","og_title":"Adh\u00e9rer - CGT Airbus Helicopters Marignane","og_description":"PR\u00c9-ADH\u00c9SION Pour demander \u00e0 adh\u00e9rer au syndicat CGT Airbus Helicopters Marignane, remplissez ce formulaire en ligne. Un d\u00e9l\u00e9gu\u00e9 prendra contact avec vous et viendra \u00e0 votre rencontre.&nbsp; Vous pouvez aussi cocher la case newsletter pour \u00eatre tenu inform\u00e9 de l&rsquo;actualit\u00e9 de notre syndicat.&nbsp; Fraternellement, l&rsquo;\u00e9quipe de la CGT Airbus Marignane&nbsp; Contact :&nbsp;cgtah.mar@protonmail.com","og_url":"https:\/\/cgtairbus.fr\/?page_id=544","og_site_name":"CGT Airbus Helicopters Marignane","article_modified_time":"2025-10-09T10:43:15+00:00","og_image":[{"width":512,"height":512,"url":"https:\/\/cgtairbus.fr\/wp-content\/uploads\/2020\/02\/cropped-Logo-CGTAHM-noir-copie.jpeg","type":"image\/jpeg"}],"twitter_card":"summary_large_image","twitter_misc":{"Dur\u00e9e de lecture estim\u00e9e":"1 minute"},"schema":{"@context":"https:\/\/schema.org","@graph":[{"@type":"WebPage","@id":"https:\/\/cgtairbus.fr\/?page_id=544","url":"https:\/\/cgtairbus.fr\/?page_id=544","name":"Adh\u00e9rer - CGT Airbus Helicopters Marignane","isPartOf":{"@id":"https:\/\/cgtairbus.fr\/#website"},"datePublished":"2022-06-18T20:00:56+00:00","dateModified":"2025-10-09T10:43:15+00:00","breadcrumb":{"@id":"https:\/\/cgtairbus.fr\/?page_id=544#breadcrumb"},"inLanguage":"fr-FR","potentialAction":[{"@type":"ReadAction","target":["https:\/\/cgtairbus.fr\/?page_id=544"]}]},{"@type":"BreadcrumbList","@id":"https:\/\/cgtairbus.fr\/?page_id=544#breadcrumb","itemListElement":[{"@type":"ListItem","position":1,"name":"Accueil","item":"https:\/\/cgtairbus.fr\/"},{"@type":"ListItem","position":2,"name":"Adh\u00e9rer"}]},{"@type":"WebSite","@id":"https:\/\/cgtairbus.fr\/#website","url":"https:\/\/cgtairbus.fr\/","name":"CGT Airbus Helicopters Marignane","description":"Site Web de la CGT Airbus Helicopters Marignane","publisher":{"@id":"https:\/\/cgtairbus.fr\/#organization"},"alternateName":"CGT Airbus Helicopters Marignane","potentialAction":[{"@type":"SearchAction","target":{"@type":"EntryPoint","urlTemplate":"https:\/\/cgtairbus.fr\/?s={search_term_string}"},"query-input":{"@type":"PropertyValueSpecification","valueRequired":true,"valueName":"search_term_string"}}],"inLanguage":"fr-FR"},{"@type":"Organization","@id":"https:\/\/cgtairbus.fr\/#organization","name":"CGT Airbus Helicopters Marignane","url":"https:\/\/cgtairbus.fr\/","logo":{"@type":"ImageObject","inLanguage":"fr-FR","@id":"https:\/\/cgtairbus.fr\/#\/schema\/logo\/image\/","url":"https:\/\/cgtairbus.fr\/wp-content\/uploads\/2020\/02\/Logo-CGTAHM-noir-copie.jpeg","contentUrl":"https:\/\/cgtairbus.fr\/wp-content\/uploads\/2020\/02\/Logo-CGTAHM-noir-copie.jpeg","width":273,"height":472,"caption":"CGT Airbus Helicopters Marignane"},"image":{"@id":"https:\/\/cgtairbus.fr\/#\/schema\/logo\/image\/"}}]}},"jetpack_sharing_enabled":true,"_links":{"self":[{"href":"https:\/\/cgtairbus.fr\/index.php?rest_route=\/wp\/v2\/pages\/544","targetHints":{"allow":["GET"]}}],"collection":[{"href":"https:\/\/cgtairbus.fr\/index.php?rest_route=\/wp\/v2\/pages"}],"about":[{"href":"https:\/\/cgtairbus.fr\/index.php?rest_route=\/wp\/v2\/types\/page"}],"author":[{"embeddable":true,"href":"https:\/\/cgtairbus.fr\/index.php?rest_route=\/wp\/v2\/users\/1"}],"replies":[{"embeddable":true,"href":"https:\/\/cgtairbus.fr\/index.php?rest_route=%2Fwp%2Fv2%2Fcomments&post=544"}],"version-history":[{"count":210,"href":"https:\/\/cgtairbus.fr\/index.php?rest_route=\/wp\/v2\/pages\/544\/revisions"}],"predecessor-version":[{"id":1971,"href":"https:\/\/cgtairbus.fr\/index.php?rest_route=\/wp\/v2\/pages\/544\/revisions\/1971"}],"wp:attachment":[{"href":"https:\/\/cgtairbus.fr\/index.php?rest_route=%2Fwp%2Fv2%2Fmedia&parent=544"}],"curies":[{"name":"wp","href":"https:\/\/api.w.org\/{rel}","templated":true}]}}